{"id":9247,"date":"2023-08-11T13:41:01","date_gmt":"2023-08-11T13:41:01","guid":{"rendered":"https:\/\/ironfilms.nl\/pre-pro-tool\/"},"modified":"2024-10-25T07:56:53","modified_gmt":"2024-10-25T07:56:53","slug":"pre-pro-tool","status":"publish","type":"page","link":"https:\/\/ironfilms.nl\/de\/pre-pro-tool\/","title":{"rendered":"IRON VP Tool"},"content":{"rendered":"<p>[vc_row full_width=&#8221;stretch_row_content_no_spaces&#8221; uniqid=&#8221;5cc2c9dc85872&#8243;][vc_column uniqid=&#8221;628e25d1f542e&#8221;]    <section class=\"banner-area banner-area-5cc2c9e92cca3 banner-default swiper-container\">\n            <div class=\"banner-slider swiper-wrapper full-height\" style=\"\">\n            <div class=\"swiper-slide\">\n      <div class=\"banner-item banner-item-627e744cf3d3f tac\">\n        \n    <div class=\"bg-overlay\">\n                        <div class=\"image\" style=\"background-image: url(https:\/\/ironfilms.nl\/wp-content\/uploads\/2023\/08\/IRON_VP_Tool.jpg)\"><\/div>\n                                <div class=\"video\"><video id=\"video-69dec7c98de91\" class=\"jquery-background-video\" playsinline muted=\"true\" loop src=\"https:\/\/ironfilms.nl\/wp-content\/uploads\/2023\/08\/IRON_VP_Tool_Banner_Unreal_pre_pro.mp4\" type=\"video\/mp4\" preload=\"none\"><\/video><\/div>                  <\/div>\n\n            <div class=\"container-fluid\">\n          <div class=\"row full-height align-items-center\" style=\"\">\n            <div class=\"col\">\n                              <div class=\"heading-block tac\">\n                                      <h1 class=\"h\"><span>Pre-Vis<\/span> Tool<\/h1>\n                                  <\/div>\n                          <\/div>\n          <\/div>\n        <\/div>\n      <\/div>\n    <\/div>\n          <\/div>\n    <\/section>\n\n    [\/vc_column][\/vc_row][vc_row uniqid=&#8221;64de154550866&#8243;][vc_column uniqid=&#8221;628e2847578c4&#8243;]      <div class=\"heading-block heading-627e5f2e12dff tac h-h2 with-bottom-line vc_custom_1706983641963\">\n                  <h2 class=\"h\">Unreal Engine Pre-Vis Tools<\/h2>\n              <\/div>\n    [\/vc_column][\/vc_row][vc_row uniqid=&#8221;64de1a846e558&#8243;][vc_column width=&#8221;1\/4&#8243; offset=&#8221;vc_hidden-xs&#8221; uniqid=&#8221;629cc0b5ea71d&#8221;][vc_single_image image=&#8221;8063&#8243;][\/vc_column][vc_column width=&#8221;1\/2&#8243;][vc_column_text]<\/p>\n<p style=\"text-align: left;\"><span style=\"vertical-align: inherit; color: #b7b7b7; font-size: 10pt;\"><span style=\"vertical-align: inherit;\"><span style=\"vertical-align: inherit;\"><span style=\"vertical-align: inherit;\">In der Filmindustrie geht es vor allem um visuelle Wirkung. Die F\u00e4higkeit von Visualisierungen, Ideen zu kl\u00e4ren, ist offensichtlich. Jedoch besitzen nicht alle die F\u00e4higkeiten, genau zu zeichnen und zu illustrieren. W\u00e4hrend 3D-Software ideal f\u00fcr Produktionsvisualisierungen ist, ist sie nicht f\u00fcr jeden zug\u00e4nglich. Nutzen Sie die Kraft der Unreal Engine &#8211; ein Echtzeit-Tool, das Visuals sofort zum Leben erweckt. <\/span><\/span><\/span><\/span><\/p>\n<p style=\"text-align: left;\"><span style=\"vertical-align: inherit; color: #b7b7b7; font-size: 10pt;\"><span style=\"vertical-align: inherit;\"><span style=\"vertical-align: inherit;\"><span style=\"vertical-align: inherit;\">Aus diesem Grund haben wir ein Plugin f\u00fcr die Unreal Engine entwickelt. Dies erm\u00f6glicht es Filmprofis ohne Hintergrund in 3D-Software, mit dieser leistungsstarken Anwendung zu arbeiten. Unser Plugin simuliert Kameras und Objektive nach branchen\u00fcblichen Standards. Positionieren Sie Kameras in einer 3D-Szene und sehen Sie sich Ihre aufgenommenen Bilder direkt in einer Vorvisualisierung an. Die ideale M\u00f6glichkeit, Ihre Konzepte zu visualisieren und zu testen.<\/span><\/span><\/span><\/span><\/p>\n<p>[\/vc_column_text][\/vc_column][vc_column width=&#8221;1\/4&#8243; offset=&#8221;vc_hidden-xs&#8221; uniqid=&#8221;629cc0bded8b2&#8243;][vc_single_image image=&#8221;8063&#8243;][\/vc_column][\/vc_row][vc_row full_width=&#8221;stretch_row&#8221; rtl_reverse=&#8221;yes&#8221; content_placement=&#8221;middle&#8221; background_parallax=&#8221;&#8221; css=&#8221;.vc_custom_1692277523901{padding-top: 0px !important;padding-bottom: 40px !important;}&#8221; uniqid=&#8221;628e38acf5008&#8243;][vc_column width=&#8221;1\/2&#8243;][vc_single_image image=&#8221;8411&#8243; img_size=&#8221;full&#8221; alignment=&#8221;right&#8221; css_animation=&#8221;fadeIn&#8221;][\/vc_column][vc_column width=&#8221;1\/2&#8243; bg_overlay=&#8221;&#8221; css=&#8221;.vc_custom_1653408154071{padding-right: 25px !important;padding-left: 25px !important;}&#8221;]      <div class=\"heading-block heading-64df962ae9600 tal h-h5 type-accent\">\n                  <h5 class=\"h\">Warum unser Pre-Viz Tool?<\/h5>\n              <\/div>\n    [vc_column_text el_class=&#8221;text-t1&#8243;]<\/p>\n<ul style=\"list-style-type: circle;\">\n<li><span style=\"vertical-align: inherit; color: #b7b7b7; font-size: 12pt;\"><span style=\"vertical-align: inherit;\"><span style=\"vertical-align: inherit;\"><span style=\"vertical-align: inherit;\">Echtzeit-Visualisierung: Sehen und passen Sie Ergebnisse an, w\u00e4hrend Sie arbeiten, und sehen Sie sie sofort.<\/span><\/span><\/span><\/span><\/li>\n<li><span style=\"vertical-align: inherit; color: #b7b7b7; font-size: 12pt;\"><span style=\"vertical-align: inherit;\"><span style=\"vertical-align: inherit;\"><span style=\"vertical-align: inherit;\">Echte Szenen simulieren: Reproduzieren Sie das Aussehen echter Kameraaufnahmen und experimentieren Sie.<\/span><\/span><\/span><\/span><\/li>\n<li><span style=\"vertical-align: inherit; color: #b7b7b7; font-size: 12pt;\"><span style=\"vertical-align: inherit;\"><span style=\"vertical-align: inherit;\"><span style=\"vertical-align: inherit;\">Einfache Installation: Laden Sie unser kostenloses Unreal Engine-Plugin aus dem Unreal Marketplace herunter.<\/span><\/span><\/span><\/span><\/li>\n<li><span style=\"vertical-align: inherit; color: #b7b7b7; font-size: 12pt;\"><span style=\"vertical-align: inherit;\"><span style=\"vertical-align: inherit;\"><span style=\"vertical-align: inherit;\">Lernen Sie mit unseren Tutorials: Von der Installation bis zu fortgeschrittenen Funktionen f\u00fchren Sie unsere Tutorials schrittweise durch.<\/span><\/span><\/span><\/span><\/li>\n<\/ul>\n<p>[\/vc_column_text][vc_btn title=&#8221;Probieren Sie jetzt unser Pre-Viz-Tool aus&#8221; style=&#8221;outline&#8221; shape=&#8221;square&#8221; color=&#8221;sky&#8221; align=&#8221;center&#8221; link=&#8221;url:https%3A%2F%2Ffab.com%2Fs%2F510865161818|title:Try%20our%20Pre-Viz%20Tool%20now|target:_blank&#8221;][\/vc_column][\/vc_row][vc_row full_width=&#8221;stretch_row_content&#8221; disable_element=&#8221;yes&#8221; uniqid=&#8221;628f54edc9c68&#8243; css=&#8221;.vc_custom_1692272340242{padding-top: 40px !important;padding-bottom: 80px !important;}&#8221;][vc_column uniqid=&#8221;628f5b6a086a3&#8243;]\r\n\t\t<div\r\n\t\t\tclass=\"twentytwenty-container wb_vc_baic_container\"\r\n\t\t\tid=\"wb_before_after_1_1776207817\"\r\n\t\t\tdata-before-text = \"Before\"\r\n\t\t\tdata-after-text = \"After\"\r\n\t\t>\r\n\t\t\t<img decoding=\"async\" width=\"1920\" height=\"550\" src=\"https:\/\/ironfilms.nl\/wp-content\/uploads\/2022\/05\/IRON_Films_Virtual_Production_Studio_Eindhoven.jpg\" class=\"attachment-2048x2048 size-2048x2048\" alt=\"virtual production set\" srcset=\"https:\/\/ironfilms.nl\/wp-content\/uploads\/2022\/05\/IRON_Films_Virtual_Production_Studio_Eindhoven.jpg 1920w, https:\/\/ironfilms.nl\/wp-content\/uploads\/2022\/05\/IRON_Films_Virtual_Production_Studio_Eindhoven-300x86.jpg 300w, https:\/\/ironfilms.nl\/wp-content\/uploads\/2022\/05\/IRON_Films_Virtual_Production_Studio_Eindhoven-1024x293.jpg 1024w, https:\/\/ironfilms.nl\/wp-content\/uploads\/2022\/05\/IRON_Films_Virtual_Production_Studio_Eindhoven-768x220.jpg 768w, https:\/\/ironfilms.nl\/wp-content\/uploads\/2022\/05\/IRON_Films_Virtual_Production_Studio_Eindhoven-1536x440.jpg 1536w\" sizes=\"(max-width: 1920px) 100vw, 1920px\" \/>\t\t\t<img decoding=\"async\" width=\"1920\" height=\"550\" src=\"https:\/\/ironfilms.nl\/wp-content\/uploads\/2022\/05\/IRON_Films_Virtual_Production_Studio_Eindhoven2.jpg\" class=\"attachment-2048x2048 size-2048x2048\" alt=\"virtual production set\" srcset=\"https:\/\/ironfilms.nl\/wp-content\/uploads\/2022\/05\/IRON_Films_Virtual_Production_Studio_Eindhoven2.jpg 1920w, https:\/\/ironfilms.nl\/wp-content\/uploads\/2022\/05\/IRON_Films_Virtual_Production_Studio_Eindhoven2-300x86.jpg 300w, https:\/\/ironfilms.nl\/wp-content\/uploads\/2022\/05\/IRON_Films_Virtual_Production_Studio_Eindhoven2-1024x293.jpg 1024w, https:\/\/ironfilms.nl\/wp-content\/uploads\/2022\/05\/IRON_Films_Virtual_Production_Studio_Eindhoven2-768x220.jpg 768w, https:\/\/ironfilms.nl\/wp-content\/uploads\/2022\/05\/IRON_Films_Virtual_Production_Studio_Eindhoven2-1536x440.jpg 1536w\" sizes=\"(max-width: 1920px) 100vw, 1920px\" \/>\t\t<\/div>\r\n<!--  -->\r\n[\/vc_column][\/vc_row][vc_row][vc_column uniqid=&#8221;64dfa7aca0362&#8243;]      <div class=\"heading-block heading-64d64369f9a69 tac h-h1 with-bottom-line vc_custom_1691764891750\">\n                  <h1 class=\"h\">Tutorials<\/h1>\n              <\/div>\n    [\/vc_column][\/vc_row][vc_row full_width=&#8221;stretch_row&#8221; content_placement=&#8221;top&#8221; background_parallax=&#8221;&#8221; css=&#8221;.vc_custom_1654289515089{padding-bottom: 80px !important;}&#8221; uniqid=&#8221;62823455e5333&#8243;][vc_column width=&#8221;1\/2&#8243; css=&#8221;.vc_custom_1653397312566{padding-right: 25px !important;padding-left: 25px !important;}&#8221; uniqid=&#8221;628227da9525d&#8221;]      <div class=\"heading-block heading-64d642afaf696 tal h-h4\">\n                  <h4 class=\"h\">Installationsanleitung<\/h4>\n              <\/div>\n    [vc_video link=&#8221;https:\/\/vimeo.com\/851705157?share=copy&#8221;][vc_column_text el_class=&#8221;text-t1&#8243;]<span style=\"vertical-align: inherit; color: #b7b7b7; font-size: 10pt;\"><span style=\"vertical-align: inherit;\"><span style=\"vertical-align: inherit;\"><span style=\"vertical-align: inherit;\">Schauen Sie sich dieses Video an, um schrittweise zu lernen, wie Sie unser Plugin in der Unreal Engine installieren.<\/span><\/span><\/span><\/span>[\/vc_column_text]      <div class=\"heading-block heading-64df968eae56f tal h-h4 vc_custom_1706983746482\">\n                  <h4 class=\"h\">Wie das Pre-Viz Tool funktioniert<\/h4>\n              <\/div>\n    [vc_video link=&#8221;https:\/\/vimeo.com\/851705871?share=copy&#8221;][vc_column_text el_class=&#8221;text-t1&#8243;]<span style=\"vertical-align: inherit; color: #b7b7b7; font-size: 10pt;\"><span style=\"vertical-align: inherit;\"><span style=\"vertical-align: inherit;\"><span style=\"vertical-align: inherit;\">Entdecken Sie in diesem Video, wie Sie unser Pre-Viz-Tool schrittweise f\u00fcr Ihre Projekte verwenden k\u00f6nnen.<\/span><\/span><\/span><\/span>[\/vc_column_text]      <div class=\"heading-block heading-64d64345fc407 tal h-h4 vc_custom_1706983760740\">\n                  <h4 class=\"h\">Verwendung von Fotos als Hintergr\u00fcnde<\/h4>\n              <\/div>\n    [vc_video link=&#8221;https:\/\/vimeo.com\/855314816?share=copy&#8221;][vc_column_text el_class=&#8221;text-t1&#8243;]<span style=\"vertical-align: inherit; color: #b7b7b7; font-size: 10pt;\"><span style=\"vertical-align: inherit;\"><span style=\"vertical-align: inherit;\"><span style=\"vertical-align: inherit;\">Erfahren Sie in diesem Video, wie Sie unser Pre-Viz-Tool schrittweise f\u00fcr Ihre Projekte verwenden k\u00f6nnen.<\/span><\/span><\/span><\/span>[\/vc_column_text][\/vc_column][vc_column width=&#8221;1\/2&#8243; bg_overlay=&#8221;&#8221; css=&#8221;.vc_custom_1653552839847{padding-right: 25px !important;padding-left: 25px !important;}&#8221; uniqid=&#8221;628227d0e5f24&#8243;]      <div class=\"heading-block heading-64d6453f905e2 tal h-h4\">\n                  <h4 class=\"h\">Erstellen und Verwenden von 3D-Scans<\/h4>\n              <\/div>\n    [vc_video link=&#8221;https:\/\/vimeo.com\/851701627?share=copy&#8221;][vc_column_text el_class=&#8221;text-t1&#8243;]<span style=\"vertical-align: inherit; color: #b7b7b7; font-size: 10pt;\"><span style=\"vertical-align: inherit;\"><span style=\"vertical-align: inherit;\"><span style=\"vertical-align: inherit;\">Dieses Video zeigt Ihnen, wie Sie Fotohintergr\u00fcnde und 3D-Scans in Ihre Pre-Viz integrieren k\u00f6nnen.<\/span><\/span><\/span><\/span>[\/vc_column_text]      <div class=\"heading-block heading-64d64570a3ad4 tal h-h4 vc_custom_1706983791895\">\n                  <h4 class=\"h\">3D-Assets aus dem Marketplace<\/h4>\n              <\/div>\n    [vc_video link=&#8221;https:\/\/vimeo.com\/851685524?share=copy&#8221;][vc_column_text el_class=&#8221;text-t1&#8243;]<span style=\"vertical-align: inherit; color: #b7b7b7; font-size: 10pt;\"><span style=\"vertical-align: inherit;\"><span style=\"vertical-align: inherit;\"><span style=\"vertical-align: inherit;\">Lernen Sie, wie Sie 3D-Umgebungen aus dem Unreal Marketplace in Ihr Pre-Viz-Projekt einf\u00fcgen k\u00f6nnen.<\/span><\/span><\/span><\/span>[\/vc_column_text]      <div class=\"heading-block heading-64d64596860a4 tal h-h4 vc_custom_1706983808973\">\n                  <h4 class=\"h\">Exportieren von Videodateien<\/h4>\n              <\/div>\n    [vc_video link=&#8221;https:\/\/vimeo.com\/851631077?share=copy&#8221;][vc_column_text el_class=&#8221;text-t1&#8243;]<span style=\"vertical-align: inherit; color: #b7b7b7; font-size: 10pt;\"><span style=\"vertical-align: inherit;\"><span style=\"vertical-align: inherit;\"><span style=\"vertical-align: inherit;\">Dieses Video zeigt Ihnen, wie Sie Ihre Pre-Viz in Videodateien exportieren k\u00f6nnen, damit Sie sie in Videoschnittsoftware verwenden k\u00f6nnen.<\/span><\/span><\/span><\/span>[\/vc_column_text][\/vc_column][\/vc_row]<\/p>\n","protected":false},"excerpt":{"rendered":"<p>[vc_row full_width=&#8221;stretch_row_content_no_spaces&#8221; uniqid=&#8221;5cc2c9dc85872&#8243;][vc_column uniqid=&#8221;628e25d1f542e&#8221;][\/vc_column][\/vc_row][vc_row uniqid=&#8221;64de154550866&#8243;][vc_column uniqid=&#8221;628e2847578c4&#8243;][\/vc_column][\/vc_row][vc_row uniqid=&#8221;64de1a846e558&#8243;][vc_column width=&#8221;1\/4&#8243; offset=&#8221;vc_hidden-xs&#8221; uniqid=&#8221;629cc0b5ea71d&#8221;][vc_single_image image=&#8221;8063&#8243;][\/vc_column][vc_column width=&#8221;1\/2&#8243;][vc_column_text] In der Filmindustrie geht es vor allem um visuelle Wirkung. Die F\u00e4higkeit von Visualisierungen, Ideen zu kl\u00e4ren, ist offensichtlich. Jedoch besitzen nicht alle die F\u00e4higkeiten, genau zu zeichnen und zu illustrieren. W\u00e4hrend 3D-Software ideal f\u00fcr Produktionsvisualisierungen ist, ist sie nicht f\u00fcr jeden zug\u00e4nglich. [&hellip;]<\/p>\n","protected":false},"author":2,"featured_media":7566,"parent":0,"menu_order":0,"comment_status":"closed","ping_status":"closed","template":"template-landing.php","meta":{"_acf_changed":false,"footnotes":""},"class_list":["post-9247","page","type-page","status-publish","has-post-thumbnail","hentry"],"acf":[],"yoast_head":"<!-- This site is optimized with the Yoast SEO Premium plugin v19.1 (Yoast SEO v26.2) - https:\/\/yoast.com\/wordpress\/plugins\/seo\/ -->\n<title>Iron Films - IRON VP Tool<\/title>\n<meta name=\"description\" content=\"IRON Films provide Virtual Production studios for individual productions. Be it in our studio or your location. We are flexible and mobile.\" \/>\n<meta name=\"robots\" content=\"index, follow, max-snippet:-1, max-image-preview:large, max-video-preview:-1\" \/>\n<link rel=\"canonical\" href=\"https:\/\/ironfilms.nl\/de\/pre-pro-tool\/\" \/>\n<meta property=\"og:locale\" content=\"de_DE\" \/>\n<meta property=\"og:type\" content=\"article\" \/>\n<meta property=\"og:title\" content=\"Iron Films - IRON VP Tool\" \/>\n<meta property=\"og:description\" content=\"IRON Films provide Virtual Production studios for individual productions. Be it in our studio or your location. We are flexible and mobile.\" \/>\n<meta property=\"og:url\" content=\"https:\/\/ironfilms.nl\/de\/pre-pro-tool\/\" \/>\n<meta property=\"og:site_name\" content=\"Iron Films\" \/>\n<meta property=\"article:publisher\" content=\"https:\/\/www.facebook.com\/iron.films.nl\" \/>\n<meta property=\"article:modified_time\" content=\"2024-10-25T07:56:53+00:00\" \/>\n<meta property=\"og:image\" content=\"https:\/\/ironfilms.nl\/wp-content\/uploads\/2022\/05\/Convey_VP_Image_Google_Ads-copy.jpg\" \/>\n\t<meta property=\"og:image:width\" content=\"1200\" \/>\n\t<meta property=\"og:image:height\" content=\"628\" \/>\n\t<meta property=\"og:image:type\" content=\"image\/jpeg\" \/>\n<meta name=\"twitter:card\" content=\"summary_large_image\" \/>\n<meta name=\"twitter:title\" content=\"Iron Films - IRON VP Tool\" \/>\n<meta name=\"twitter:description\" content=\"-\" \/>\n<meta name=\"twitter:label1\" content=\"Gesch\u00e4tzte Lesezeit\" \/>\n\t<meta name=\"twitter:data1\" content=\"5\u00a0Minuten\" \/>\n<script type=\"application\/ld+json\" class=\"yoast-schema-graph\">{\"@context\":\"https:\/\/schema.org\",\"@graph\":[{\"@type\":\"WebPage\",\"@id\":\"https:\/\/ironfilms.nl\/de\/pre-pro-tool\/\",\"url\":\"https:\/\/ironfilms.nl\/de\/pre-pro-tool\/\",\"name\":\"Iron Films - IRON VP Tool\",\"isPartOf\":{\"@id\":\"https:\/\/ironfilms.nl\/#website\"},\"primaryImageOfPage\":{\"@id\":\"https:\/\/ironfilms.nl\/de\/pre-pro-tool\/#primaryimage\"},\"image\":{\"@id\":\"https:\/\/ironfilms.nl\/de\/pre-pro-tool\/#primaryimage\"},\"thumbnailUrl\":\"https:\/\/ironfilms.nl\/wp-content\/uploads\/2022\/05\/Convey_VP_Image_Google_Ads-copy.jpg\",\"datePublished\":\"2023-08-11T13:41:01+00:00\",\"dateModified\":\"2024-10-25T07:56:53+00:00\",\"description\":\"IRON Films provide Virtual Production studios for individual productions. Be it in our studio or your location. We are flexible and mobile.\",\"breadcrumb\":{\"@id\":\"https:\/\/ironfilms.nl\/de\/pre-pro-tool\/#breadcrumb\"},\"inLanguage\":\"de\",\"potentialAction\":[{\"@type\":\"ReadAction\",\"target\":[\"https:\/\/ironfilms.nl\/de\/pre-pro-tool\/\"]}]},{\"@type\":\"ImageObject\",\"inLanguage\":\"de\",\"@id\":\"https:\/\/ironfilms.nl\/de\/pre-pro-tool\/#primaryimage\",\"url\":\"https:\/\/ironfilms.nl\/wp-content\/uploads\/2022\/05\/Convey_VP_Image_Google_Ads-copy.jpg\",\"contentUrl\":\"https:\/\/ironfilms.nl\/wp-content\/uploads\/2022\/05\/Convey_VP_Image_Google_Ads-copy.jpg\",\"width\":1200,\"height\":628},{\"@type\":\"BreadcrumbList\",\"@id\":\"https:\/\/ironfilms.nl\/de\/pre-pro-tool\/#breadcrumb\",\"itemListElement\":[{\"@type\":\"ListItem\",\"position\":1,\"name\":\"Home\",\"item\":\"https:\/\/ironfilms.nl\/de\/\"},{\"@type\":\"ListItem\",\"position\":2,\"name\":\"Virtual Production\"}]},{\"@type\":\"WebSite\",\"@id\":\"https:\/\/ironfilms.nl\/#website\",\"url\":\"https:\/\/ironfilms.nl\/\",\"name\":\"Iron Films\",\"description\":\"We&#039;ll fix it in Pre-\",\"publisher\":{\"@id\":\"https:\/\/ironfilms.nl\/#organization\"},\"potentialAction\":[{\"@type\":\"SearchAction\",\"target\":{\"@type\":\"EntryPoint\",\"urlTemplate\":\"https:\/\/ironfilms.nl\/?s={search_term_string}\"},\"query-input\":{\"@type\":\"PropertyValueSpecification\",\"valueRequired\":true,\"valueName\":\"search_term_string\"}}],\"inLanguage\":\"de\"},{\"@type\":\"Organization\",\"@id\":\"https:\/\/ironfilms.nl\/#organization\",\"name\":\"IRON Films\",\"url\":\"https:\/\/ironfilms.nl\/\",\"logo\":{\"@type\":\"ImageObject\",\"inLanguage\":\"de\",\"@id\":\"https:\/\/ironfilms.nl\/#\/schema\/logo\/image\/\",\"url\":\"https:\/\/ironfilms.nl\/wp-content\/uploads\/2021\/08\/Iron_Films_Logo_150x150.png\",\"contentUrl\":\"https:\/\/ironfilms.nl\/wp-content\/uploads\/2021\/08\/Iron_Films_Logo_150x150.png\",\"width\":150,\"height\":150,\"caption\":\"IRON Films\"},\"image\":{\"@id\":\"https:\/\/ironfilms.nl\/#\/schema\/logo\/image\/\"},\"sameAs\":[\"https:\/\/www.facebook.com\/iron.films.nl\",\"https:\/\/www.instagram.com\/iron.films\/\",\"https:\/\/www.linkedin.com\/company\/ironfilms\/\"]}]}<\/script>\n<!-- \/ Yoast SEO Premium plugin. -->","yoast_head_json":{"title":"Iron Films - IRON VP Tool","description":"IRON Films provide Virtual Production studios for individual productions. Be it in our studio or your location. We are flexible and mobile.","robots":{"index":"index","follow":"follow","max-snippet":"max-snippet:-1","max-image-preview":"max-image-preview:large","max-video-preview":"max-video-preview:-1"},"canonical":"https:\/\/ironfilms.nl\/de\/pre-pro-tool\/","og_locale":"de_DE","og_type":"article","og_title":"Iron Films - IRON VP Tool","og_description":"IRON Films provide Virtual Production studios for individual productions. Be it in our studio or your location. We are flexible and mobile.","og_url":"https:\/\/ironfilms.nl\/de\/pre-pro-tool\/","og_site_name":"Iron Films","article_publisher":"https:\/\/www.facebook.com\/iron.films.nl","article_modified_time":"2024-10-25T07:56:53+00:00","og_image":[{"width":1200,"height":628,"url":"https:\/\/ironfilms.nl\/wp-content\/uploads\/2022\/05\/Convey_VP_Image_Google_Ads-copy.jpg","type":"image\/jpeg"}],"twitter_card":"summary_large_image","twitter_title":"Iron Films - IRON VP Tool","twitter_description":"-","twitter_misc":{"Gesch\u00e4tzte Lesezeit":"5\u00a0Minuten"},"schema":{"@context":"https:\/\/schema.org","@graph":[{"@type":"WebPage","@id":"https:\/\/ironfilms.nl\/de\/pre-pro-tool\/","url":"https:\/\/ironfilms.nl\/de\/pre-pro-tool\/","name":"Iron Films - IRON VP Tool","isPartOf":{"@id":"https:\/\/ironfilms.nl\/#website"},"primaryImageOfPage":{"@id":"https:\/\/ironfilms.nl\/de\/pre-pro-tool\/#primaryimage"},"image":{"@id":"https:\/\/ironfilms.nl\/de\/pre-pro-tool\/#primaryimage"},"thumbnailUrl":"https:\/\/ironfilms.nl\/wp-content\/uploads\/2022\/05\/Convey_VP_Image_Google_Ads-copy.jpg","datePublished":"2023-08-11T13:41:01+00:00","dateModified":"2024-10-25T07:56:53+00:00","description":"IRON Films provide Virtual Production studios for individual productions. Be it in our studio or your location. We are flexible and mobile.","breadcrumb":{"@id":"https:\/\/ironfilms.nl\/de\/pre-pro-tool\/#breadcrumb"},"inLanguage":"de","potentialAction":[{"@type":"ReadAction","target":["https:\/\/ironfilms.nl\/de\/pre-pro-tool\/"]}]},{"@type":"ImageObject","inLanguage":"de","@id":"https:\/\/ironfilms.nl\/de\/pre-pro-tool\/#primaryimage","url":"https:\/\/ironfilms.nl\/wp-content\/uploads\/2022\/05\/Convey_VP_Image_Google_Ads-copy.jpg","contentUrl":"https:\/\/ironfilms.nl\/wp-content\/uploads\/2022\/05\/Convey_VP_Image_Google_Ads-copy.jpg","width":1200,"height":628},{"@type":"BreadcrumbList","@id":"https:\/\/ironfilms.nl\/de\/pre-pro-tool\/#breadcrumb","itemListElement":[{"@type":"ListItem","position":1,"name":"Home","item":"https:\/\/ironfilms.nl\/de\/"},{"@type":"ListItem","position":2,"name":"Virtual Production"}]},{"@type":"WebSite","@id":"https:\/\/ironfilms.nl\/#website","url":"https:\/\/ironfilms.nl\/","name":"Iron Films","description":"We&#039;ll fix it in Pre-","publisher":{"@id":"https:\/\/ironfilms.nl\/#organization"},"potentialAction":[{"@type":"SearchAction","target":{"@type":"EntryPoint","urlTemplate":"https:\/\/ironfilms.nl\/?s={search_term_string}"},"query-input":{"@type":"PropertyValueSpecification","valueRequired":true,"valueName":"search_term_string"}}],"inLanguage":"de"},{"@type":"Organization","@id":"https:\/\/ironfilms.nl\/#organization","name":"IRON Films","url":"https:\/\/ironfilms.nl\/","logo":{"@type":"ImageObject","inLanguage":"de","@id":"https:\/\/ironfilms.nl\/#\/schema\/logo\/image\/","url":"https:\/\/ironfilms.nl\/wp-content\/uploads\/2021\/08\/Iron_Films_Logo_150x150.png","contentUrl":"https:\/\/ironfilms.nl\/wp-content\/uploads\/2021\/08\/Iron_Films_Logo_150x150.png","width":150,"height":150,"caption":"IRON Films"},"image":{"@id":"https:\/\/ironfilms.nl\/#\/schema\/logo\/image\/"},"sameAs":["https:\/\/www.facebook.com\/iron.films.nl","https:\/\/www.instagram.com\/iron.films\/","https:\/\/www.linkedin.com\/company\/ironfilms\/"]}]}},"_links":{"self":[{"href":"https:\/\/ironfilms.nl\/de\/wp-json\/wp\/v2\/pages\/9247","targetHints":{"allow":["GET"]}}],"collection":[{"href":"https:\/\/ironfilms.nl\/de\/wp-json\/wp\/v2\/pages"}],"about":[{"href":"https:\/\/ironfilms.nl\/de\/wp-json\/wp\/v2\/types\/page"}],"author":[{"embeddable":true,"href":"https:\/\/ironfilms.nl\/de\/wp-json\/wp\/v2\/users\/2"}],"replies":[{"embeddable":true,"href":"https:\/\/ironfilms.nl\/de\/wp-json\/wp\/v2\/comments?post=9247"}],"version-history":[{"count":4,"href":"https:\/\/ironfilms.nl\/de\/wp-json\/wp\/v2\/pages\/9247\/revisions"}],"predecessor-version":[{"id":10234,"href":"https:\/\/ironfilms.nl\/de\/wp-json\/wp\/v2\/pages\/9247\/revisions\/10234"}],"wp:featuredmedia":[{"embeddable":true,"href":"https:\/\/ironfilms.nl\/de\/wp-json\/wp\/v2\/media\/7566"}],"wp:attachment":[{"href":"https:\/\/ironfilms.nl\/de\/wp-json\/wp\/v2\/media?parent=9247"}],"curies":[{"name":"wp","href":"https:\/\/api.w.org\/{rel}","templated":true}]}}