{"id":10536,"date":"2019-04-22T11:59:46","date_gmt":"2019-04-22T11:59:46","guid":{"rendered":"https:\/\/ironfilms.nl\/contact-us\/"},"modified":"2025-11-18T11:53:20","modified_gmt":"2025-11-18T11:53:20","slug":"contact-us","status":"publish","type":"page","link":"https:\/\/ironfilms.nl\/de\/contact-us\/","title":{"rendered":"Kontakt"},"content":{"rendered":"<p>[vc_row full_width=&#8221;stretch_row&#8221; content_placement=&#8221;top&#8221; bg_overlay=&#8221;on&#8221; color_overlay=&#8221;on&#8221; gradient_overlay=&#8221;&#8221; color_overlay_hex=&#8221;#303030&#8243; css=&#8221;.vc_custom_1763465949152{margin-right: 20px !important;margin-left: 20px !important;padding-top: 150px !important;padding-bottom: 120px !important;}&#8221; uniqid=&#8221;612cb153373b9&#8243;][vc_column width=&#8221;1\/2&#8243; css=&#8221;.vc_custom_1654430776366{padding-top: 0px !important;}&#8221; uniqid=&#8221;629c9c341e3dc&#8221;]      <div class=\"heading-block heading-6123b997e77d4 tal h-h2 \">\n                  <h2 class=\"h\">Ich w\u00fcrde gerne mehr \u00fcber Ihr Projekt erfahren.<\/h2>\n              <\/div>\n          <div class=\"heading-block heading-5cda6da5f340f tal h-h6 vc_custom_1763466701841 \">\n                  <h6 class=\"h\">M\u00f6chten Sie wissen, wie Pre-Visualisierung, K\u00fcnstliche Intelligenz, Virtual Production oder Motion Control Ihre Produktion unterst\u00fctzen k\u00f6nnen? Rufen Sie mich einfach an.<\/h6>\n              <\/div>\n        <div class=\"social-links-block social-links-615edb6f88503 social-links justify-content-flex-start vc_custom_1763466109039 \">\n      <a href=\"https:\/\/www.linkedin.com\/company\/ironfilms\/\" target=\"_self\"><i class=\"fab fa-linkedin\"><\/i><\/a><a href=\"https:\/\/www.instagram.com\/iron.films\/\" target=\"_self\"><i class=\"fab fa-instagram\"><\/i><\/a><a href=\"https:\/\/vimeo.com\/ironfilmsnl\" target=\"_self\"><i class=\"fab fa-vimeo-square\"><\/i><\/a>    <\/div>\n    [vc_column_text css_animation=&#8221;none&#8221; css=&#8221;.vc_custom_1763466221477{padding-top: 0px !important;}&#8221;]<\/p>\n<div class=\"contact-row\"><i class=\"base-icon-phone-call\"><\/i><strong><span style=\"color: #ffffff; font-size: 14pt;\"><a style=\"color: #ffffff;\" href=\"tel:31628341159\">+31628341159<\/a><\/span><\/strong><\/div>\n<p>[\/vc_column_text][vc_column_text css_animation=&#8221;none&#8221; css=&#8221;.vc_custom_1763465663434{padding-top: 0px !important;}&#8221;]<\/p>\n<div class=\"contact-row\"><\/div>\n<div class=\"contact-row\"><i class=\"base-icon-envelope\"><\/i><strong><span style=\"color: #ffffff; font-size: 14pt;\"><a style=\"color: #ffffff;\" href=\"mailto:info@ironfilms.nl\">info@ironfilms.nl<\/a><\/span><\/strong><\/div>\n<p>[\/vc_column_text][\/vc_column][vc_column width=&#8221;1\/2&#8243; css=&#8221;.vc_custom_1713813976459{padding-top: 0px !important;padding-bottom: 0px !important;}&#8221; uniqid=&#8221;615ee5d22bf3c&#8221;][vc_single_image image=&#8221;6821&#8243; img_size=&#8221;large&#8221; css_animation=&#8221;none&#8221;][vc_column_text css_animation=&#8221;none&#8221; css=&#8221;.vc_custom_1763465555937{padding-top: 30px !important;}&#8221;]<\/p>\n<div class=\"contact-row\"><span style=\"color: #ffffff; font-size: 14pt;\">Pim de Bilde<\/span><\/div>\n<div class=\"contact-row\"><strong><span style=\"color: #ffffff; font-size: 14pt;\">Creative Producer<\/span><\/strong><\/div>\n<div><\/div>\n<p>[\/vc_column_text][\/vc_column][\/vc_row][vc_row full_width=&#8221;stretch_row_content&#8221; bg_overlay=&#8221;on&#8221; color_overlay=&#8221;on&#8221; gradient_overlay=&#8221;&#8221; color_overlay_hex=&#8221;#1c1c1c&#8221; css=&#8221;.vc_custom_1763465940988{padding-top: 0px !important;padding-bottom: 0px !important;}&#8221; uniqid=&#8221;691c597d3baa7&#8243;][vc_column css=&#8221;.vc_custom_1628086784890{padding-top: 0px !important;padding-bottom: 0px !important;}&#8221;][vc_single_image image=&#8221;7681&#8243; img_size=&#8221;full&#8221; alignment=&#8221;center&#8221; css_animation=&#8221;none&#8221;][\/vc_column][\/vc_row][vc_row full_width=&#8221;stretch_row&#8221; disable_element=&#8221;yes&#8221; bg_overlay=&#8221;on&#8221; color_overlay=&#8221;on&#8221; gradient_overlay=&#8221;&#8221; color_overlay_hex=&#8221;#303030&#8243; css=&#8221;.vc_custom_1763465592308{padding-bottom: 50px !important;}&#8221;][vc_column]      <div class=\"heading-block heading- tal h-h1 vc_custom_1713808902360 \">\n                  <div class=\"sub-h\">Den Bosch<\/div>\n                  <h1 class=\"h\">IRON - Lab<\/h1>\n              <\/div>\n    [\/vc_column][vc_column width=&#8221;1\/2&#8243; css=&#8221;.vc_custom_1628086784890{padding-top: 0px !important;padding-bottom: 0px !important;}&#8221;][vc_single_image image=&#8221;10176&#8243; img_size=&#8221;large&#8221; css_animation=&#8221;none&#8221;]      <div class=\"heading-block heading- tal h-h5 \">\n                  <div class=\"sub-h\">Veemarktkade 8 - 4025, 5222 AE 's-Hertogenbosch<\/div>\n              <\/div>\n    [\/vc_column][vc_column width=&#8221;1\/2&#8243; css=&#8221;.vc_custom_1628086769289{padding-top: 0px !important;}&#8221;][vc_gmaps link=&#8221;#E-8_JTNDaWZyYW1lJTIwc3JjJTNEJTIyaHR0cHMlM0ElMkYlMkZ3d3cuZ29vZ2xlLmNvbSUyRm1hcHMlMkZlbWJlZCUzRnBiJTNEJTIxMW0xNCUyMTFtOCUyMTFtMyUyMTFkMTY2MzEuMzYzNjg4OTg3OTI0JTIxMmQ1LjI2NzQ3NDIwOTg4MDgwMSUyMTNkNTEuNzA5ODU3NDk2ODM1ODI0JTIxM20yJTIxMWkxMDI0JTIxMmk3NjglMjE0ZjEzLjElMjEzbTMlMjExbTIlMjExczB4NDdjNmVlNjU1OTc0ZGQ0ZCUyNTNBMHgzNGJjYjk2YzM3Y2ViZTI5JTIxMnNUaGUlMjUyMEdydXl0ZXJmYWJyaWVrJTIxNWUwJTIxM20yJTIxMXNlbiUyMTJzbmwlMjE0djE3MjQyNTczMDk2OTglMjE1bTIlMjExc2VuJTIxMnNubCUyMiUyMHdpZHRoJTNEJTIyODAwJTIyJTIwaGVpZ2h0JTNEJTIyNjAwJTIyJTIwc3R5bGUlM0QlMjJib3JkZXIlM0EwJTNCJTIyJTIwYWxsb3dmdWxsc2NyZWVuJTNEJTIyJTIyJTIwbG9hZGluZyUzRCUyMmxhenklMjIlMjByZWZlcnJlcnBvbGljeSUzRCUyMm5vLXJlZmVycmVyLXdoZW4tZG93bmdyYWRlJTIyJTNFJTNDJTJGaWZyYW1lJTNF&#8221; size=&#8221;300&#8243; css_animation=&#8221;none&#8221;][\/vc_column][\/vc_row][vc_row full_width=&#8221;stretch_row&#8221; disable_element=&#8221;yes&#8221; bg_overlay=&#8221;on&#8221; color_overlay=&#8221;on&#8221; gradient_overlay=&#8221;&#8221; color_overlay_hex=&#8221;#1c1c1c&#8221; css=&#8221;.vc_custom_1763465599035{padding-bottom: 50px !important;}&#8221;][vc_column]      <div class=\"heading-block heading- tal h-h1 vc_custom_1654431614823 \">\n                  <div class=\"sub-h\">Eindhoven<\/div>\n                  <h1 class=\"h\">IRON - Studio<\/h1>\n              <\/div>\n    [\/vc_column][vc_column width=&#8221;1\/2&#8243; css=&#8221;.vc_custom_1628086784890{padding-top: 0px !important;padding-bottom: 0px !important;}&#8221;][vc_single_image image=&#8221;1425&#8243; img_size=&#8221;large&#8221; css_animation=&#8221;none&#8221;]      <div class=\"heading-block heading- tal h-h5 \">\n                  <div class=\"sub-h\">Hooge Zijde 11, 5626 DC Eindhoven<\/div>\n              <\/div>\n    [\/vc_column][vc_column width=&#8221;1\/2&#8243; css=&#8221;.vc_custom_1628086769289{padding-top: 0px !important;}&#8221;][vc_gmaps link=&#8221;#E-8_JTNDaWZyYW1lJTIwc3JjJTNEJTIyaHR0cHMlM0ElMkYlMkZ3d3cuZ29vZ2xlLmNvbSUyRm1hcHMlMkZlbWJlZCUzRnBiJTNEJTIxMW0xNCUyMTFtOCUyMTFtMyUyMTFkMjQ4NC41Njc3NTc5MTQ1Mzc3JTIxMmQ1LjQyMDIxNjg4Mzk0Nzc5MyUyMTNkNTEuNDg0NDQ3ODk0OTY1MDQ0JTIxM20yJTIxMWkxMDI0JTIxMmk3NjglMjE0ZjEzLjElMjEzbTMlMjExbTIlMjExczB4NDdjNmRjMGRmYjNkZTg1YiUyNTNBMHgxZWEyZmJhNzBjMTc0NTkwJTIxMnNIb29nZSUyNTIwWmlqZGUlMjUyQyUyNTIwNTYyNiUyNTIwREMlMjUyMEVpbmRob3ZlbiUyMTVlMCUyMTNtMiUyMTFzZW4lMjEyc25sJTIxNHYxNzI0MjU3Mzc2ODUyJTIxNW0yJTIxMXNlbiUyMTJzbmwlMjIlMjB3aWR0aCUzRCUyMjgwMCUyMiUyMGhlaWdodCUzRCUyMjYwMCUyMiUyMHN0eWxlJTNEJTIyYm9yZGVyJTNBMCUzQiUyMiUyMGFsbG93ZnVsbHNjcmVlbiUzRCUyMiUyMiUyMGxvYWRpbmclM0QlMjJsYXp5JTIyJTIwcmVmZXJyZXJwb2xpY3klM0QlMjJuby1yZWZlcnJlci13aGVuLWRvd25ncmFkZSUyMiUzRSUzQyUyRmlmcmFtZSUzRQ==&#8221; size=&#8221;300&#8243; css_animation=&#8221;none&#8221;][\/vc_column][\/vc_row][vc_row full_width=&#8221;stretch_row&#8221; disable_element=&#8221;yes&#8221; bg_overlay=&#8221;on&#8221; color_overlay=&#8221;on&#8221; gradient_overlay=&#8221;&#8221; color_overlay_hex=&#8221;#1c1c1c&#8221; css=&#8221;.vc_custom_1763465604957{padding-bottom: 50px !important;}&#8221; uniqid=&#8221;691c5982b629a&#8221;][vc_column]      <div class=\"heading-block heading-6626b8e7302d5 tal h-h1 vc_custom_1713813741721 \">\n                  <div class=\"sub-h\">Amsterdam<\/div>\n                  <h1 class=\"h\">IRON - Studio<\/h1>\n              <\/div>\n    [\/vc_column][vc_column width=&#8221;1\/2&#8243; css=&#8221;.vc_custom_1628086784890{padding-top: 0px !important;padding-bottom: 0px !important;}&#8221;][vc_single_image image=&#8221;9504&#8243; img_size=&#8221;large&#8221; css_animation=&#8221;none&#8221;]      <div class=\"heading-block heading-6626b8df2d2b7 tal h-h5 \">\n                  <div class=\"sub-h\">Nieuwe Hemweg 5G, 1013 BG, Amsterdam<\/div>\n              <\/div>\n    [\/vc_column][vc_column width=&#8221;1\/2&#8243; css=&#8221;.vc_custom_1628086769289{padding-top: 0px !important;}&#8221;][vc_gmaps link=&#8221;#E-8_JTNDaWZyYW1lJTIwc3JjJTNEJTIyaHR0cHMlM0ElMkYlMkZ3d3cuZ29vZ2xlLmNvbSUyRm1hcHMlMkZlbWJlZCUzRnBiJTNEJTIxMW0xOCUyMTFtMTIlMjExbTMlMjExZDI0MzQuNjM5OTU2MTE1MTU2JTIxMmQ0Ljg2NDk5Nzc3NzAwNTM1OSUyMTNkNTIuMzk1MDc2OTQ1NDcwNjglMjEybTMlMjExZjAlMjEyZjAlMjEzZjAlMjEzbTIlMjExaTEwMjQlMjEyaTc2OCUyMTRmMTMuMSUyMTNtMyUyMTFtMiUyMTFzMHg0N2M1ZTI4M2U1ZGZkYTNiJTI1M0EweDYyYzBkMTY3Zjc0ZDVlZmQlMjEyc05pZXV3ZSUyNTIwSGVtd2VnJTI1MjA1RyUyNTJDJTI1MjAxMDEzJTI1MjBCRyUyNTIwQW1zdGVyZGFtJTIxNWUwJTIxM20yJTIxMXNubCUyMTJzbmwlMjE0djE3MTMyMTAxOTA4MTAlMjE1bTIlMjExc25sJTIxMnNuJTIyJTIwd2lkdGglM0QlMjI2MDAlMjIlMjBoZWlnaHQlM0QlMjI0NTAlMjIlMjBzdHlsZSUzRCUyMmJvcmRlciUzQTAlM0IlMjIlMjBhbGxvd2Z1bGxzY3JlZW4lM0QlMjIlMjIlMjBsb2FkaW5nJTNEJTIybGF6eSUyMiUzRSUzQyUyRmlmcmFtZSUzRSUwQQ==&#8221; size=&#8221;300&#8243; css_animation=&#8221;none&#8221;][\/vc_column][\/vc_row][vc_row][vc_column][\/vc_column][\/vc_row][vc_row][vc_column][\/vc_column][\/vc_row]<\/p>\n","protected":false},"excerpt":{"rendered":"<p>[vc_row full_width=&#8221;stretch_row&#8221; content_placement=&#8221;top&#8221; bg_overlay=&#8221;on&#8221; color_overlay=&#8221;on&#8221; gradient_overlay=&#8221;&#8221; color_overlay_hex=&#8221;#303030&#8243; css=&#8221;.vc_custom_1763465949152{margin-right: 20px !important;margin-left: 20px !important;padding-top: 150px !important;padding-bottom: 120px !important;}&#8221; uniqid=&#8221;612cb153373b9&#8243;][vc_column width=&#8221;1\/2&#8243; css=&#8221;.vc_custom_1654430776366{padding-top: 0px !important;}&#8221; uniqid=&#8221;629c9c341e3dc&#8221;][vc_column_text css_animation=&#8221;none&#8221; css=&#8221;.vc_custom_1763466221477{padding-top: 0px !important;}&#8221;] +31628341159 [\/vc_column_text][vc_column_text css_animation=&#8221;none&#8221; css=&#8221;.vc_custom_1763465663434{padding-top: 0px !important;}&#8221;] info@ironfilms.nl [\/vc_column_text][\/vc_column][vc_column width=&#8221;1\/2&#8243; css=&#8221;.vc_custom_1713813976459{padding-top: 0px !important;padding-bottom: 0px !important;}&#8221; uniqid=&#8221;615ee5d22bf3c&#8221;][vc_single_image image=&#8221;6821&#8243; img_size=&#8221;large&#8221; css_animation=&#8221;none&#8221;][vc_column_text css_animation=&#8221;none&#8221; css=&#8221;.vc_custom_1763465555937{padding-top: 30px !important;}&#8221;] Pim de Bilde Creative Producer [\/vc_column_text][\/vc_column][\/vc_row][vc_row full_width=&#8221;stretch_row_content&#8221; [&hellip;]<\/p>\n","protected":false},"author":2,"featured_media":0,"parent":0,"menu_order":0,"comment_status":"closed","ping_status":"closed","template":"template-landing.php","meta":{"_acf_changed":false,"footnotes":""},"class_list":["post-10536","page","type-page","status-publish","hentry"],"acf":[],"yoast_head":"<!-- This site is optimized with the Yoast SEO Premium plugin v19.1 (Yoast SEO v26.2) - https:\/\/yoast.com\/wordpress\/plugins\/seo\/ -->\n<title>Kontakt - Iron Films<\/title>\n<meta name=\"robots\" content=\"index, follow, max-snippet:-1, max-image-preview:large, max-video-preview:-1\" \/>\n<link rel=\"canonical\" href=\"https:\/\/ironfilms.nl\/de\/contact-us\/\" \/>\n<meta property=\"og:locale\" content=\"de_DE\" \/>\n<meta property=\"og:type\" content=\"article\" \/>\n<meta property=\"og:title\" content=\"Kontakt\" \/>\n<meta property=\"og:description\" content=\"[vc_row full_width=&#8221;stretch_row&#8221; content_placement=&#8221;top&#8221; bg_overlay=&#8221;on&#8221; color_overlay=&#8221;on&#8221; gradient_overlay=&#8221;&#8221; color_overlay_hex=&#8221;#303030&#8243; css=&#8221;.vc_custom_1763465949152{margin-right: 20px !important;margin-left: 20px !important;padding-top: 150px !important;padding-bottom: 120px !important;}&#8221; uniqid=&#8221;612cb153373b9&#8243;][vc_column width=&#8221;1\/2&#8243; css=&#8221;.vc_custom_1654430776366{padding-top: 0px !important;}&#8221; uniqid=&#8221;629c9c341e3dc&#8221;][vc_column_text css_animation=&#8221;none&#8221; css=&#8221;.vc_custom_1763466221477{padding-top: 0px !important;}&#8221;] +31628341159 [\/vc_column_text][vc_column_text css_animation=&#8221;none&#8221; css=&#8221;.vc_custom_1763465663434{padding-top: 0px !important;}&#8221;] info@ironfilms.nl [\/vc_column_text][\/vc_column][vc_column width=&#8221;1\/2&#8243; css=&#8221;.vc_custom_1713813976459{padding-top: 0px !important;padding-bottom: 0px !important;}&#8221; uniqid=&#8221;615ee5d22bf3c&#8221;][vc_single_image image=&#8221;6821&#8243; img_size=&#8221;large&#8221; css_animation=&#8221;none&#8221;][vc_column_text css_animation=&#8221;none&#8221; css=&#8221;.vc_custom_1763465555937{padding-top: 30px !important;}&#8221;] Pim de Bilde Creative Producer [\/vc_column_text][\/vc_column][\/vc_row][vc_row full_width=&#8221;stretch_row_content&#8221; [&hellip;]\" \/>\n<meta property=\"og:url\" content=\"https:\/\/ironfilms.nl\/de\/contact-us\/\" \/>\n<meta property=\"og:site_name\" content=\"Iron Films\" \/>\n<meta property=\"article:publisher\" content=\"https:\/\/www.facebook.com\/iron.films.nl\" \/>\n<meta property=\"article:modified_time\" content=\"2025-11-18T11:53:20+00:00\" \/>\n<meta property=\"og:image\" content=\"https:\/\/ironfilms.nl\/wp-content\/uploads\/2023\/04\/IMG_1485-scaled.jpeg\" \/>\n\t<meta property=\"og:image:width\" content=\"2560\" \/>\n\t<meta property=\"og:image:height\" content=\"1707\" \/>\n\t<meta property=\"og:image:type\" content=\"image\/jpeg\" \/>\n<meta name=\"twitter:card\" content=\"summary_large_image\" \/>\n<meta name=\"twitter:label1\" content=\"Gesch\u00e4tzte Lesezeit\" \/>\n\t<meta name=\"twitter:data1\" content=\"5\u00a0Minuten\" \/>\n<script type=\"application\/ld+json\" class=\"yoast-schema-graph\">{\"@context\":\"https:\/\/schema.org\",\"@graph\":[{\"@type\":\"WebPage\",\"@id\":\"https:\/\/ironfilms.nl\/de\/contact-us\/\",\"url\":\"https:\/\/ironfilms.nl\/de\/contact-us\/\",\"name\":\"Kontakt - Iron Films\",\"isPartOf\":{\"@id\":\"https:\/\/ironfilms.nl\/#website\"},\"datePublished\":\"2019-04-22T11:59:46+00:00\",\"dateModified\":\"2025-11-18T11:53:20+00:00\",\"breadcrumb\":{\"@id\":\"https:\/\/ironfilms.nl\/de\/contact-us\/#breadcrumb\"},\"inLanguage\":\"de\",\"potentialAction\":[{\"@type\":\"ReadAction\",\"target\":[\"https:\/\/ironfilms.nl\/de\/contact-us\/\"]}]},{\"@type\":\"BreadcrumbList\",\"@id\":\"https:\/\/ironfilms.nl\/de\/contact-us\/#breadcrumb\",\"itemListElement\":[{\"@type\":\"ListItem\",\"position\":1,\"name\":\"Home\",\"item\":\"https:\/\/ironfilms.nl\/de\/\"},{\"@type\":\"ListItem\",\"position\":2,\"name\":\"Kontakt\"}]},{\"@type\":\"WebSite\",\"@id\":\"https:\/\/ironfilms.nl\/#website\",\"url\":\"https:\/\/ironfilms.nl\/\",\"name\":\"Iron Films\",\"description\":\"We&#039;ll fix it in Pre-\",\"publisher\":{\"@id\":\"https:\/\/ironfilms.nl\/#organization\"},\"potentialAction\":[{\"@type\":\"SearchAction\",\"target\":{\"@type\":\"EntryPoint\",\"urlTemplate\":\"https:\/\/ironfilms.nl\/?s={search_term_string}\"},\"query-input\":{\"@type\":\"PropertyValueSpecification\",\"valueRequired\":true,\"valueName\":\"search_term_string\"}}],\"inLanguage\":\"de\"},{\"@type\":\"Organization\",\"@id\":\"https:\/\/ironfilms.nl\/#organization\",\"name\":\"IRON Films\",\"url\":\"https:\/\/ironfilms.nl\/\",\"logo\":{\"@type\":\"ImageObject\",\"inLanguage\":\"de\",\"@id\":\"https:\/\/ironfilms.nl\/#\/schema\/logo\/image\/\",\"url\":\"https:\/\/ironfilms.nl\/wp-content\/uploads\/2021\/08\/Iron_Films_Logo_150x150.png\",\"contentUrl\":\"https:\/\/ironfilms.nl\/wp-content\/uploads\/2021\/08\/Iron_Films_Logo_150x150.png\",\"width\":150,\"height\":150,\"caption\":\"IRON Films\"},\"image\":{\"@id\":\"https:\/\/ironfilms.nl\/#\/schema\/logo\/image\/\"},\"sameAs\":[\"https:\/\/www.facebook.com\/iron.films.nl\",\"https:\/\/www.instagram.com\/iron.films\/\",\"https:\/\/www.linkedin.com\/company\/ironfilms\/\"]}]}<\/script>\n<!-- \/ Yoast SEO Premium plugin. -->","yoast_head_json":{"title":"Kontakt - Iron Films","robots":{"index":"index","follow":"follow","max-snippet":"max-snippet:-1","max-image-preview":"max-image-preview:large","max-video-preview":"max-video-preview:-1"},"canonical":"https:\/\/ironfilms.nl\/de\/contact-us\/","og_locale":"de_DE","og_type":"article","og_title":"Kontakt","og_description":"[vc_row full_width=&#8221;stretch_row&#8221; content_placement=&#8221;top&#8221; bg_overlay=&#8221;on&#8221; color_overlay=&#8221;on&#8221; gradient_overlay=&#8221;&#8221; color_overlay_hex=&#8221;#303030&#8243; css=&#8221;.vc_custom_1763465949152{margin-right: 20px !important;margin-left: 20px !important;padding-top: 150px !important;padding-bottom: 120px !important;}&#8221; uniqid=&#8221;612cb153373b9&#8243;][vc_column width=&#8221;1\/2&#8243; css=&#8221;.vc_custom_1654430776366{padding-top: 0px !important;}&#8221; uniqid=&#8221;629c9c341e3dc&#8221;][vc_column_text css_animation=&#8221;none&#8221; css=&#8221;.vc_custom_1763466221477{padding-top: 0px !important;}&#8221;] +31628341159 [\/vc_column_text][vc_column_text css_animation=&#8221;none&#8221; css=&#8221;.vc_custom_1763465663434{padding-top: 0px !important;}&#8221;] info@ironfilms.nl [\/vc_column_text][\/vc_column][vc_column width=&#8221;1\/2&#8243; css=&#8221;.vc_custom_1713813976459{padding-top: 0px !important;padding-bottom: 0px !important;}&#8221; uniqid=&#8221;615ee5d22bf3c&#8221;][vc_single_image image=&#8221;6821&#8243; img_size=&#8221;large&#8221; css_animation=&#8221;none&#8221;][vc_column_text css_animation=&#8221;none&#8221; css=&#8221;.vc_custom_1763465555937{padding-top: 30px !important;}&#8221;] Pim de Bilde Creative Producer [\/vc_column_text][\/vc_column][\/vc_row][vc_row full_width=&#8221;stretch_row_content&#8221; [&hellip;]","og_url":"https:\/\/ironfilms.nl\/de\/contact-us\/","og_site_name":"Iron Films","article_publisher":"https:\/\/www.facebook.com\/iron.films.nl","article_modified_time":"2025-11-18T11:53:20+00:00","og_image":[{"width":2560,"height":1707,"url":"https:\/\/ironfilms.nl\/wp-content\/uploads\/2023\/04\/IMG_1485-scaled.jpeg","type":"image\/jpeg"}],"twitter_card":"summary_large_image","twitter_misc":{"Gesch\u00e4tzte Lesezeit":"5\u00a0Minuten"},"schema":{"@context":"https:\/\/schema.org","@graph":[{"@type":"WebPage","@id":"https:\/\/ironfilms.nl\/de\/contact-us\/","url":"https:\/\/ironfilms.nl\/de\/contact-us\/","name":"Kontakt - Iron Films","isPartOf":{"@id":"https:\/\/ironfilms.nl\/#website"},"datePublished":"2019-04-22T11:59:46+00:00","dateModified":"2025-11-18T11:53:20+00:00","breadcrumb":{"@id":"https:\/\/ironfilms.nl\/de\/contact-us\/#breadcrumb"},"inLanguage":"de","potentialAction":[{"@type":"ReadAction","target":["https:\/\/ironfilms.nl\/de\/contact-us\/"]}]},{"@type":"BreadcrumbList","@id":"https:\/\/ironfilms.nl\/de\/contact-us\/#breadcrumb","itemListElement":[{"@type":"ListItem","position":1,"name":"Home","item":"https:\/\/ironfilms.nl\/de\/"},{"@type":"ListItem","position":2,"name":"Kontakt"}]},{"@type":"WebSite","@id":"https:\/\/ironfilms.nl\/#website","url":"https:\/\/ironfilms.nl\/","name":"Iron Films","description":"We&#039;ll fix it in Pre-","publisher":{"@id":"https:\/\/ironfilms.nl\/#organization"},"potentialAction":[{"@type":"SearchAction","target":{"@type":"EntryPoint","urlTemplate":"https:\/\/ironfilms.nl\/?s={search_term_string}"},"query-input":{"@type":"PropertyValueSpecification","valueRequired":true,"valueName":"search_term_string"}}],"inLanguage":"de"},{"@type":"Organization","@id":"https:\/\/ironfilms.nl\/#organization","name":"IRON Films","url":"https:\/\/ironfilms.nl\/","logo":{"@type":"ImageObject","inLanguage":"de","@id":"https:\/\/ironfilms.nl\/#\/schema\/logo\/image\/","url":"https:\/\/ironfilms.nl\/wp-content\/uploads\/2021\/08\/Iron_Films_Logo_150x150.png","contentUrl":"https:\/\/ironfilms.nl\/wp-content\/uploads\/2021\/08\/Iron_Films_Logo_150x150.png","width":150,"height":150,"caption":"IRON Films"},"image":{"@id":"https:\/\/ironfilms.nl\/#\/schema\/logo\/image\/"},"sameAs":["https:\/\/www.facebook.com\/iron.films.nl","https:\/\/www.instagram.com\/iron.films\/","https:\/\/www.linkedin.com\/company\/ironfilms\/"]}]}},"_links":{"self":[{"href":"https:\/\/ironfilms.nl\/de\/wp-json\/wp\/v2\/pages\/10536","targetHints":{"allow":["GET"]}}],"collection":[{"href":"https:\/\/ironfilms.nl\/de\/wp-json\/wp\/v2\/pages"}],"about":[{"href":"https:\/\/ironfilms.nl\/de\/wp-json\/wp\/v2\/types\/page"}],"author":[{"embeddable":true,"href":"https:\/\/ironfilms.nl\/de\/wp-json\/wp\/v2\/users\/2"}],"replies":[{"embeddable":true,"href":"https:\/\/ironfilms.nl\/de\/wp-json\/wp\/v2\/comments?post=10536"}],"version-history":[{"count":3,"href":"https:\/\/ironfilms.nl\/de\/wp-json\/wp\/v2\/pages\/10536\/revisions"}],"predecessor-version":[{"id":10540,"href":"https:\/\/ironfilms.nl\/de\/wp-json\/wp\/v2\/pages\/10536\/revisions\/10540"}],"wp:attachment":[{"href":"https:\/\/ironfilms.nl\/de\/wp-json\/wp\/v2\/media?parent=10536"}],"curies":[{"name":"wp","href":"https:\/\/api.w.org\/{rel}","templated":true}]}}