{"id":10422,"date":"2025-03-30T13:29:40","date_gmt":"2025-03-30T13:29:40","guid":{"rendered":"https:\/\/ironfilms.nl\/virtual-sets\/"},"modified":"2025-03-30T13:44:21","modified_gmt":"2025-03-30T13:44:21","slug":"virtual-sets","status":"publish","type":"page","link":"https:\/\/ironfilms.nl\/de\/virtual-sets\/","title":{"rendered":"Virtual Sets"},"content":{"rendered":"<p>[vc_row full_width=&#8221;stretch_row_content&#8221; content_placement=&#8221;bottom&#8221; uniqid=&#8221;613610ac4103a&#8221;][vc_column uniqid=&#8221;627b7189fc559&#8243;]    <section class=\"banner-area banner-area-627b69b7ef400 banner-default swiper-container\">\n            <div class=\"banner-slider swiper-wrapper \" style=\"height: 600px;\">\n            <div class=\"swiper-slide\">\n      <div class=\"banner-item banner-item-627b9af7cd10f white current-white tac\">\n        \n    <div class=\"bg-overlay\">\n              <div class=\"video\"><video id=\"video-69de28dfd2da2\" class=\"jquery-background-video\" playsinline muted=\"true\" loop src=\"https:\/\/ironfilms.nl\/wp-content\/uploads\/2025\/03\/unreal_background_creation1080p.mp4\" type=\"video\/mp4\" preload=\"none\"><\/video><\/div>                  <\/div>\n\n            <div class=\"container\">\n          <div class=\"row fixed-height align-items-center\" style=\"height: 600px;\">\n            <div class=\"col\">\n                              <div class=\"heading-block tac\">\n                                      <h1 class=\"h\"><span>Virtual-<\/span>Sets<\/h1>\n                                  <\/div>\n                          <\/div>\n          <\/div>\n        <\/div>\n      <\/div>\n    <\/div>\n          <\/div>\n    <\/section>\n\n    [\/vc_column][\/vc_row][vc_row content_placement=&#8221;top&#8221; css=&#8221;.vc_custom_1743335148796{padding-top: 80px !important;padding-bottom: 50px !important;}&#8221; uniqid=&#8221;5cc05b921bb10&#8243;][vc_column width=&#8221;1\/4&#8243; uniqid=&#8221;6123ba844a955&#8243;][\/vc_column][vc_column width=&#8221;1\/2&#8243;]      <div class=\"heading-block heading-67e92d22a42a7 tac h-h6\">\n                  <h6 class=\"h\">Virtuelle Hintergr\u00fcnde Ma\u00dfgeschneidert f\u00fcr Deine Produktion<\/h6>\n              <\/div>\n    [vc_column_text el_class=&#8221;text-t1&#8243; css=&#8221;.vc_custom_1743342098380{padding-bottom: 0px !important;}&#8221;]<span style=\"vertical-align: inherit; color: #b7b7b7; font-size: 10pt;\"><span style=\"vertical-align: inherit;\"><span style=\"vertical-align: inherit;\"><span style=\"vertical-align: inherit;\">Bei der Erstellung virtueller Hintergr\u00fcnde gibt es keine universelle L\u00f6sung \u2013 es geht darum, das richtige Gleichgewicht zwischen Kreativit\u00e4t, technischen M\u00f6glichkeiten und dem verf\u00fcgbaren Budget zu finden. Oft kombinieren wir verschiedene Techniken, je nach Stil und Art der Produktion.<\/span><\/span><\/span><\/span>[\/vc_column_text][vc_btn title=&#8221;Kontaktiere uns f\u00fcr M\u00f6glichkeiten&#8221; style=&#8221;outline&#8221; shape=&#8221;square&#8221; color=&#8221;sky&#8221; align=&#8221;center&#8221; link=&#8221;url:https%3A%2F%2Fironfilms.nl%2Fde%2Fcontact-us%2F|title:Kontaktiere%20uns%20f%C3%BCr%20M%C3%B6glichkeiten&#8221;][\/vc_column][vc_column width=&#8221;1\/4&#8243;][\/vc_column][\/vc_row][vc_row content_placement=&#8221;bottom&#8221; css=&#8221;.vc_custom_1743335589736{padding-top: 0px !important;padding-bottom: 0px !important;}&#8221;][vc_column]      <div class=\"heading-block heading-67e93b5fc7e86 tac h-h2 type-accent\">\n                  <h2 class=\"h\">Photographed, Filmed, Animated or AI generated<\/h2>\n              <\/div>\n    [\/vc_column][\/vc_row][vc_row content_placement=&#8221;top&#8221; css=&#8221;.vc_custom_1743339474605{padding-top: 80px !important;padding-bottom: 50px !important;}&#8221; uniqid=&#8221;67e92d8393dcc&#8221;][vc_column width=&#8221;1\/2&#8243; uniqid=&#8221;67e92f21be36f&#8221;][vc_single_image image=&#8221;10406&#8243; img_size=&#8221;480&#215;270&#8243; alignment=&#8221;center&#8221;]      <div class=\"heading-block heading-67e92d945c068 tac h-h3 vc_custom_1743339597807\">\n                  <h3 class=\"h\">2D Background<\/h3>\n              <\/div>\n    [vc_column_text el_class=&#8221;text-t1&#8243; css=&#8221;.vc_custom_1743342210821{padding-bottom: 0px !important;}&#8221;]<span style=\"vertical-align: inherit; color: #b7b7b7; font-size: 10pt;\"><span style=\"vertical-align: inherit;\"><span style=\"vertical-align: inherit;\"><span style=\"vertical-align: inherit;\">In vielen F\u00e4llen verwenden wir 2D-Hintergr\u00fcnde, wie hochaufl\u00f6sende Fotos oder Videomaterial, um eine subtile, fotorealistische Atmosph\u00e4re zu schaffen. Diese Hintergr\u00fcnde sind ideal, wenn die Kamerabewegung minimal ist und der Fokus vollst\u00e4ndig auf dem Talent liegt. Denk an Innenaufnahmen oder Interviews, bei denen das visuelle Element ruhig bleibt und nicht vom Inhalt ablenkt.<\/span><\/span><\/span><\/span>[\/vc_column_text][\/vc_column][vc_column width=&#8221;1\/2&#8243; uniqid=&#8221;67e936967f405&#8243;][vc_single_image image=&#8221;10345&#8243; img_size=&#8221;full&#8221; alignment=&#8221;center&#8221;]      <div class=\"heading-block heading-67e92d64a7745 tac h-h3 vc_custom_1743339593293\">\n                  <h3 class=\"h\">2.5D Background<\/h3>\n              <\/div>\n    [vc_column_text el_class=&#8221;text-t1&#8243; css=&#8221;.vc_custom_1743342218259{padding-bottom: 0px !important;}&#8221;]<span style=\"vertical-align: inherit; color: #b7b7b7; font-size: 10pt;\"><span style=\"vertical-align: inherit;\"><span style=\"vertical-align: inherit;\"><span style=\"vertical-align: inherit;\">Wenn jedoch mehr Bewegung erforderlich ist, setzen wir auf 2.5D. Dabei kombinieren wir mehrere Bildschichten, um eine Tiefenillusion zu erzeugen. Durch die unabh\u00e4ngige Bewegung dieser Schichten mit Parallax-Techniken entsteht eine gewisse Dynamik, ohne dass eine vollst\u00e4ndige 3D-Umgebung aufgebaut werden muss. Auf diese Weise schaffen wir immersive, aber flexible Umgebungen, die die Szene lebendig wirken lassen \u2013 selbst bei leichten Kamerabewegungen.<\/span><\/span><\/span><\/span>[\/vc_column_text][\/vc_column][\/vc_row][vc_row content_placement=&#8221;bottom&#8221; css=&#8221;.vc_custom_1743339482501{padding-top: 0px !important;padding-bottom: 0px !important;}&#8221; uniqid=&#8221;62948da7ee709&#8243;][vc_column]      <div class=\"heading-block heading-64df8dd6f93e7 tac h-h2 type-accent\">\n                  <h2 class=\"h\">3D Backgrounds<\/h2>\n              <\/div>\n    [vc_single_image image=&#8221;10395&#8243; img_size=&#8221;full&#8221; alignment=&#8221;center&#8221;][\/vc_column][\/vc_row][vc_row content_placement=&#8221;top&#8221; css=&#8221;.vc_custom_1743335557873{padding-top: 0px !important;padding-bottom: 50px !important;}&#8221; uniqid=&#8221;64df9380a81e9&#8243;][vc_column width=&#8221;1\/2&#8243; css=&#8221;.vc_custom_1653902508259{padding-bottom: 0px !important;}&#8221;][vc_column_text el_class=&#8221;text-t1&#8243;]<span style=\"vertical-align: inherit; color: #b7b7b7; font-size: 10pt;\"><span style=\"vertical-align: inherit;\">Wenn eine vollst\u00e4ndige Kontrolle \u00fcber die Umgebung erforderlich ist, wie bei komplexen Actionszenen oder Sci-Fi-Produktionen, erstellen wir 3D-Welten. Dabei bauen wir vollst\u00e4ndig digitale Umgebungen, entweder basierend auf gescannten realen Orten oder als vollst\u00e4ndig fiktive Welten. Der besondere Vorteil dieser Technik besteht darin, dass wir die Platzierung von 3D-Objekten durch Programmierung automatisieren k\u00f6nnen. Dies spart erheblich viel Zeit beim Aufbau gro\u00dfer Sets und erm\u00f6glicht es uns, schnell und effizient auf \u00c4nderungen w\u00e4hrend der Produktion zu reagieren. Dank dieser Automatisierung k\u00f6nnen wir gro\u00dfe, detailreiche Umgebungen erschaffen, ohne Kompromisse bei Geschwindigkeit oder Qualit\u00e4t einzugehen.<\/span><\/span>[\/vc_column_text][\/vc_column][vc_column width=&#8221;1\/2&#8243;][vc_column_text el_class=&#8221;text-t1&#8243;]<span style=\"vertical-align: inherit; color: #b7b7b7; font-size: 10pt;\"><span style=\"vertical-align: inherit;\"><span style=\"vertical-align: inherit;\"><span style=\"vertical-align: inherit;\">Durch die Kombination dieser Techniken stellen wir sicher, dass die virtuellen Hintergr\u00fcnde nicht nur zur kreativen Vision der Produktion passen, sondern auch budgetgerecht sind und technische Anforderungen erf\u00fcllen. Wir achten darauf, dass alle visuellen Entscheidungen von Anfang an sorgf\u00e4ltig geplant werden, sodass es am Set keine unerwarteten \u00dcberraschungen gibt.<\/span><\/span><\/span><\/span>[\/vc_column_text][vc_btn title=&#8221;Kontaktiere uns f\u00fcr M\u00f6glichkeiten&#8221; style=&#8221;outline&#8221; shape=&#8221;square&#8221; color=&#8221;sky&#8221; align=&#8221;center&#8221; link=&#8221;url:https%3A%2F%2Fironfilms.nl%2Fde%2Fcontact-us%2F|title:Kontaktiere%20uns%20f%C3%BCr%20M%C3%B6glichkeiten&#8221;][\/vc_column][vc_column][\/vc_column][\/vc_row][vc_row content_placement=&#8221;bottom&#8221; css=&#8221;.vc_custom_1743335589736{padding-top: 0px !important;padding-bottom: 0px !important;}&#8221;][vc_column]      <div class=\"heading-block heading-67e93b81e8313 tac h-h2 type-accent\">\n                  <h2 class=\"h\">3D set templates<\/h2>\n              <\/div>\n    [\/vc_column][\/vc_row][vc_row content_placement=&#8221;top&#8221; css=&#8221;.vc_custom_1743339989423{padding-top: 50px !important;padding-bottom: 150px !important;}&#8221; uniqid=&#8221;62836bd1f2fa1&#8243;][vc_column css_animation=&#8221;fadeIn&#8221; width=&#8221;1\/2&#8243; uniqid=&#8221;6283582af6c9d&#8221;][vc_single_image image=&#8221;10354&#8243; img_size=&#8221;full&#8221;][vc_single_image image=&#8221;10375&#8243; img_size=&#8221;full&#8221;][\/vc_column][vc_column width=&#8221;1\/2&#8243; css=&#8221;.vc_custom_1652774963581{padding-bottom: 60px !important;}&#8221; uniqid=&#8221;628358308e7b4&#8243;][vc_single_image image=&#8221;10417&#8243; img_size=&#8221;full&#8221;][vc_column_text el_class=&#8221;text-t1&#8243;]<span style=\"vertical-align: inherit; color: #b7b7b7; font-size: 10pt;\"><span style=\"vertical-align: inherit;\"><span style=\"vertical-align: inherit;\"><span style=\"vertical-align: inherit;\">Wir haben eine L\u00f6sung f\u00fcr die schnelle Erstellung von Produktaufnahmen entwickelt. Durch die Kombination von Tabletop-Aufnahmen mit unserem CineBot-Kamera-Roboter und virtuellen LED-Hintergr\u00fcnden kannst du unz\u00e4hlige Variationen erstellen. Unterschiedliche Produkte, Farben oder Geschmacksrichtungen mit verschiedenen saisonalen Hintergr\u00fcnden \u2013 von Sommerstr\u00e4nden und Herbstw\u00e4ldern bis hin zu Winterlandschaften und bl\u00fchenden Fr\u00fchlingsfeldern. So kannst du in nur einer Produktion den gesamten Content-Kalender f\u00fcllen.<\/span><\/span><\/span><\/span>[\/vc_column_text][\/vc_column][\/vc_row][vc_row full_width=&#8221;stretch_row_content&#8221; disable_element=&#8221;yes&#8221; uniqid=&#8221;628524401f7e6&#8243;][vc_column offset=&#8221;vc_hidden-xs&#8221; uniqid=&#8221;62948babf7b2b&#8221;]      <div class=\"heading-block heading-64df891814cff tac h-h2 type-accent\">\n                  <h2 class=\"h\">Our Services:<\/h2>\n              <\/div>\n    [\/vc_column][\/vc_row][vc_row content_placement=&#8221;top&#8221; disable_element=&#8221;yes&#8221; css=&#8221;.vc_custom_1743334945805{padding-bottom: 0px !important;}&#8221; uniqid=&#8221;64df9263ba5ce&#8221;][vc_column width=&#8221;1\/2&#8243;]    <div class=\"accordion-block accordion-block-64df8abddc55d\">\n          <div class=\"accordion-item accordion-item-64df8c0b0a02d\">\n      <div class=\"top\">Pre-Visualization (Pre-Viz):        <div class=\"button\"><\/div>\n      <\/div>\n      <div class=\"wrap\">Transform your ideas into visual reality before production even begins. With Pre-Viz, we create a detailed representation of your concept. This allows you to see how different elements come together and what challenges might arise. This way, you can avoid surprises and confidently embark on your project.<\/div>\n    <\/div>\n        <div class=\"accordion-item accordion-item-64df8c27132c7\">\n      <div class=\"top\">Pitch Visualization (Pitch-Viz):        <div class=\"button\"><\/div>\n      <\/div>\n      <div class=\"wrap\">Convince your clients, investors, and team members with compelling visual presentations. With our Pitch Visualizations, we bring your ideas to life in a way that is immediately understandable. Give your audience a glimpse into the future production and showcase the potential of your concept.<\/div>\n    <\/div>\n        <div class=\"accordion-item accordion-item-64df8c31f3746\">\n      <div class=\"top\">Budget Visualization (Budget-Viz):        <div class=\"button\"><\/div>\n      <\/div>\n      <div class=\"wrap\">An accurate budget is essential for the success of your project. Our Budget Visualizations help you gain a detailed understanding of the financial aspects of your production. This enables you to plan more efficiently and make optimal use of your resources.<\/div>\n    <\/div>\n        <div class=\"accordion-item accordion-item-64df8c3b28169\">\n      <div class=\"top\">Tech Visualization (Tech-Viz):        <div class=\"button\"><\/div>\n      <\/div>\n      <div class=\"wrap\">Bring complex technical elements to life with Tech Visualizations. Whether it's intricate sets, special effects, or advanced equipment, our visualizations provide insights into how everything works together and help overcome technical challenges.<\/div>\n    <\/div>\n        <div class=\"accordion-item accordion-item-64df8c46c9424\">\n      <div class=\"top\">Stunt Visualization (Stunt-Viz):        <div class=\"button\"><\/div>\n      <\/div>\n      <div class=\"wrap\">Safety is paramount in stunts. With Stunt Visualization, we can simulate and analyze risky scenes in detail. This helps identify potential hazards and find solutions before the action begins.<\/div>\n    <\/div>\n        <div class=\"accordion-item accordion-item-64df8c517c003\">\n      <div class=\"top\">Post Visualization (Post-Viz):        <div class=\"button\"><\/div>\n      <\/div>\n      <div class=\"wrap\">Production doesn't end after shooting. With Post Visualization, we can show you how the final product will look, including edits, color corrections, and visual effects. This gives you a preview of the ultimate outcome.<\/div>\n    <\/div>\n        <div class=\"accordion-item accordion-item-64df8c5c380f4\">\n      <div class=\"top\">Motion Control Programming:        <div class=\"button\"><\/div>\n      <\/div>\n      <div class=\"wrap\">For complex camera movements and precise shots, Motion Control is essential. Our programmers create accurate motion paths for your camera, allowing you to plan the desired shots down to the smallest detail.<\/div>\n    <\/div>\n        <\/div>\n    [\/vc_column][vc_column width=&#8221;1\/2&#8243;][vc_video link=&#8221;https:\/\/vimeo.com\/794142645?share=copy&#8221; align=&#8221;center&#8221; css=&#8221;.vc_custom_1692373753147{padding-top: 50px !important;}&#8221;][\/vc_column][\/vc_row]<\/p>\n","protected":false},"excerpt":{"rendered":"<p>[vc_row full_width=&#8221;stretch_row_content&#8221; content_placement=&#8221;bottom&#8221; uniqid=&#8221;613610ac4103a&#8221;][vc_column uniqid=&#8221;627b7189fc559&#8243;][\/vc_column][\/vc_row][vc_row content_placement=&#8221;top&#8221; css=&#8221;.vc_custom_1743335148796{padding-top: 80px !important;padding-bottom: 50px !important;}&#8221; uniqid=&#8221;5cc05b921bb10&#8243;][vc_column width=&#8221;1\/4&#8243; uniqid=&#8221;6123ba844a955&#8243;][\/vc_column][vc_column width=&#8221;1\/2&#8243;][vc_column_text el_class=&#8221;text-t1&#8243; css=&#8221;.vc_custom_1743342098380{padding-bottom: 0px !important;}&#8221;]Bei der Erstellung virtueller Hintergr\u00fcnde gibt es keine universelle L\u00f6sung \u2013 es geht darum, das richtige Gleichgewicht zwischen Kreativit\u00e4t, technischen M\u00f6glichkeiten und dem verf\u00fcgbaren Budget zu finden. Oft kombinieren wir verschiedene Techniken, je nach Stil und Art [&hellip;]<\/p>\n","protected":false},"author":2,"featured_media":7566,"parent":0,"menu_order":0,"comment_status":"closed","ping_status":"closed","template":"template-landing.php","meta":{"_acf_changed":false,"footnotes":""},"class_list":["post-10422","page","type-page","status-publish","has-post-thumbnail","hentry"],"acf":[],"yoast_head":"<!-- This site is optimized with the Yoast SEO Premium plugin v19.1 (Yoast SEO v26.2) - https:\/\/yoast.com\/wordpress\/plugins\/seo\/ -->\n<title>Virtual Sets - Iron Films<\/title>\n<meta name=\"robots\" content=\"index, follow, max-snippet:-1, max-image-preview:large, max-video-preview:-1\" \/>\n<link rel=\"canonical\" href=\"https:\/\/ironfilms.nl\/de\/virtual-sets\/\" \/>\n<meta property=\"og:locale\" content=\"de_DE\" \/>\n<meta property=\"og:type\" content=\"article\" \/>\n<meta property=\"og:title\" content=\"Virtual Sets\" \/>\n<meta property=\"og:description\" content=\"[vc_row full_width=&#8221;stretch_row_content&#8221; content_placement=&#8221;bottom&#8221; uniqid=&#8221;613610ac4103a&#8221;][vc_column uniqid=&#8221;627b7189fc559&#8243;][\/vc_column][\/vc_row][vc_row content_placement=&#8221;top&#8221; css=&#8221;.vc_custom_1743335148796{padding-top: 80px !important;padding-bottom: 50px !important;}&#8221; uniqid=&#8221;5cc05b921bb10&#8243;][vc_column width=&#8221;1\/4&#8243; uniqid=&#8221;6123ba844a955&#8243;][\/vc_column][vc_column width=&#8221;1\/2&#8243;][vc_column_text el_class=&#8221;text-t1&#8243; css=&#8221;.vc_custom_1743342098380{padding-bottom: 0px !important;}&#8221;]Bei der Erstellung virtueller Hintergr\u00fcnde gibt es keine universelle L\u00f6sung \u2013 es geht darum, das richtige Gleichgewicht zwischen Kreativit\u00e4t, technischen M\u00f6glichkeiten und dem verf\u00fcgbaren Budget zu finden. Oft kombinieren wir verschiedene Techniken, je nach Stil und Art [&hellip;]\" \/>\n<meta property=\"og:url\" content=\"https:\/\/ironfilms.nl\/de\/virtual-sets\/\" \/>\n<meta property=\"og:site_name\" content=\"Iron Films\" \/>\n<meta property=\"article:publisher\" content=\"https:\/\/www.facebook.com\/iron.films.nl\" \/>\n<meta property=\"article:modified_time\" content=\"2025-03-30T13:44:21+00:00\" \/>\n<meta property=\"og:image\" content=\"https:\/\/ironfilms.nl\/wp-content\/uploads\/2022\/05\/Convey_VP_Image_Google_Ads-copy.jpg\" \/>\n\t<meta property=\"og:image:width\" content=\"1200\" \/>\n\t<meta property=\"og:image:height\" content=\"628\" \/>\n\t<meta property=\"og:image:type\" content=\"image\/jpeg\" \/>\n<meta name=\"twitter:card\" content=\"summary_large_image\" \/>\n<meta name=\"twitter:label1\" content=\"Gesch\u00e4tzte Lesezeit\" \/>\n\t<meta name=\"twitter:data1\" content=\"7\u00a0Minuten\" \/>\n<script type=\"application\/ld+json\" class=\"yoast-schema-graph\">{\"@context\":\"https:\/\/schema.org\",\"@graph\":[{\"@type\":\"WebPage\",\"@id\":\"https:\/\/ironfilms.nl\/de\/virtual-sets\/\",\"url\":\"https:\/\/ironfilms.nl\/de\/virtual-sets\/\",\"name\":\"Virtual Sets - Iron Films\",\"isPartOf\":{\"@id\":\"https:\/\/ironfilms.nl\/#website\"},\"primaryImageOfPage\":{\"@id\":\"https:\/\/ironfilms.nl\/de\/virtual-sets\/#primaryimage\"},\"image\":{\"@id\":\"https:\/\/ironfilms.nl\/de\/virtual-sets\/#primaryimage\"},\"thumbnailUrl\":\"https:\/\/ironfilms.nl\/wp-content\/uploads\/2022\/05\/Convey_VP_Image_Google_Ads-copy.jpg\",\"datePublished\":\"2025-03-30T13:29:40+00:00\",\"dateModified\":\"2025-03-30T13:44:21+00:00\",\"breadcrumb\":{\"@id\":\"https:\/\/ironfilms.nl\/de\/virtual-sets\/#breadcrumb\"},\"inLanguage\":\"de\",\"potentialAction\":[{\"@type\":\"ReadAction\",\"target\":[\"https:\/\/ironfilms.nl\/de\/virtual-sets\/\"]}]},{\"@type\":\"ImageObject\",\"inLanguage\":\"de\",\"@id\":\"https:\/\/ironfilms.nl\/de\/virtual-sets\/#primaryimage\",\"url\":\"https:\/\/ironfilms.nl\/wp-content\/uploads\/2022\/05\/Convey_VP_Image_Google_Ads-copy.jpg\",\"contentUrl\":\"https:\/\/ironfilms.nl\/wp-content\/uploads\/2022\/05\/Convey_VP_Image_Google_Ads-copy.jpg\",\"width\":1200,\"height\":628},{\"@type\":\"BreadcrumbList\",\"@id\":\"https:\/\/ironfilms.nl\/de\/virtual-sets\/#breadcrumb\",\"itemListElement\":[{\"@type\":\"ListItem\",\"position\":1,\"name\":\"Home\",\"item\":\"https:\/\/ironfilms.nl\/de\/\"},{\"@type\":\"ListItem\",\"position\":2,\"name\":\"Virtual Sets\"}]},{\"@type\":\"WebSite\",\"@id\":\"https:\/\/ironfilms.nl\/#website\",\"url\":\"https:\/\/ironfilms.nl\/\",\"name\":\"Iron Films\",\"description\":\"We&#039;ll fix it in Pre-\",\"publisher\":{\"@id\":\"https:\/\/ironfilms.nl\/#organization\"},\"potentialAction\":[{\"@type\":\"SearchAction\",\"target\":{\"@type\":\"EntryPoint\",\"urlTemplate\":\"https:\/\/ironfilms.nl\/?s={search_term_string}\"},\"query-input\":{\"@type\":\"PropertyValueSpecification\",\"valueRequired\":true,\"valueName\":\"search_term_string\"}}],\"inLanguage\":\"de\"},{\"@type\":\"Organization\",\"@id\":\"https:\/\/ironfilms.nl\/#organization\",\"name\":\"IRON Films\",\"url\":\"https:\/\/ironfilms.nl\/\",\"logo\":{\"@type\":\"ImageObject\",\"inLanguage\":\"de\",\"@id\":\"https:\/\/ironfilms.nl\/#\/schema\/logo\/image\/\",\"url\":\"https:\/\/ironfilms.nl\/wp-content\/uploads\/2021\/08\/Iron_Films_Logo_150x150.png\",\"contentUrl\":\"https:\/\/ironfilms.nl\/wp-content\/uploads\/2021\/08\/Iron_Films_Logo_150x150.png\",\"width\":150,\"height\":150,\"caption\":\"IRON Films\"},\"image\":{\"@id\":\"https:\/\/ironfilms.nl\/#\/schema\/logo\/image\/\"},\"sameAs\":[\"https:\/\/www.facebook.com\/iron.films.nl\",\"https:\/\/www.instagram.com\/iron.films\/\",\"https:\/\/www.linkedin.com\/company\/ironfilms\/\"]}]}<\/script>\n<!-- \/ Yoast SEO Premium plugin. -->","yoast_head_json":{"title":"Virtual Sets - Iron Films","robots":{"index":"index","follow":"follow","max-snippet":"max-snippet:-1","max-image-preview":"max-image-preview:large","max-video-preview":"max-video-preview:-1"},"canonical":"https:\/\/ironfilms.nl\/de\/virtual-sets\/","og_locale":"de_DE","og_type":"article","og_title":"Virtual Sets","og_description":"[vc_row full_width=&#8221;stretch_row_content&#8221; content_placement=&#8221;bottom&#8221; uniqid=&#8221;613610ac4103a&#8221;][vc_column uniqid=&#8221;627b7189fc559&#8243;][\/vc_column][\/vc_row][vc_row content_placement=&#8221;top&#8221; css=&#8221;.vc_custom_1743335148796{padding-top: 80px !important;padding-bottom: 50px !important;}&#8221; uniqid=&#8221;5cc05b921bb10&#8243;][vc_column width=&#8221;1\/4&#8243; uniqid=&#8221;6123ba844a955&#8243;][\/vc_column][vc_column width=&#8221;1\/2&#8243;][vc_column_text el_class=&#8221;text-t1&#8243; css=&#8221;.vc_custom_1743342098380{padding-bottom: 0px !important;}&#8221;]Bei der Erstellung virtueller Hintergr\u00fcnde gibt es keine universelle L\u00f6sung \u2013 es geht darum, das richtige Gleichgewicht zwischen Kreativit\u00e4t, technischen M\u00f6glichkeiten und dem verf\u00fcgbaren Budget zu finden. Oft kombinieren wir verschiedene Techniken, je nach Stil und Art [&hellip;]","og_url":"https:\/\/ironfilms.nl\/de\/virtual-sets\/","og_site_name":"Iron Films","article_publisher":"https:\/\/www.facebook.com\/iron.films.nl","article_modified_time":"2025-03-30T13:44:21+00:00","og_image":[{"width":1200,"height":628,"url":"https:\/\/ironfilms.nl\/wp-content\/uploads\/2022\/05\/Convey_VP_Image_Google_Ads-copy.jpg","type":"image\/jpeg"}],"twitter_card":"summary_large_image","twitter_misc":{"Gesch\u00e4tzte Lesezeit":"7\u00a0Minuten"},"schema":{"@context":"https:\/\/schema.org","@graph":[{"@type":"WebPage","@id":"https:\/\/ironfilms.nl\/de\/virtual-sets\/","url":"https:\/\/ironfilms.nl\/de\/virtual-sets\/","name":"Virtual Sets - Iron Films","isPartOf":{"@id":"https:\/\/ironfilms.nl\/#website"},"primaryImageOfPage":{"@id":"https:\/\/ironfilms.nl\/de\/virtual-sets\/#primaryimage"},"image":{"@id":"https:\/\/ironfilms.nl\/de\/virtual-sets\/#primaryimage"},"thumbnailUrl":"https:\/\/ironfilms.nl\/wp-content\/uploads\/2022\/05\/Convey_VP_Image_Google_Ads-copy.jpg","datePublished":"2025-03-30T13:29:40+00:00","dateModified":"2025-03-30T13:44:21+00:00","breadcrumb":{"@id":"https:\/\/ironfilms.nl\/de\/virtual-sets\/#breadcrumb"},"inLanguage":"de","potentialAction":[{"@type":"ReadAction","target":["https:\/\/ironfilms.nl\/de\/virtual-sets\/"]}]},{"@type":"ImageObject","inLanguage":"de","@id":"https:\/\/ironfilms.nl\/de\/virtual-sets\/#primaryimage","url":"https:\/\/ironfilms.nl\/wp-content\/uploads\/2022\/05\/Convey_VP_Image_Google_Ads-copy.jpg","contentUrl":"https:\/\/ironfilms.nl\/wp-content\/uploads\/2022\/05\/Convey_VP_Image_Google_Ads-copy.jpg","width":1200,"height":628},{"@type":"BreadcrumbList","@id":"https:\/\/ironfilms.nl\/de\/virtual-sets\/#breadcrumb","itemListElement":[{"@type":"ListItem","position":1,"name":"Home","item":"https:\/\/ironfilms.nl\/de\/"},{"@type":"ListItem","position":2,"name":"Virtual Sets"}]},{"@type":"WebSite","@id":"https:\/\/ironfilms.nl\/#website","url":"https:\/\/ironfilms.nl\/","name":"Iron Films","description":"We&#039;ll fix it in Pre-","publisher":{"@id":"https:\/\/ironfilms.nl\/#organization"},"potentialAction":[{"@type":"SearchAction","target":{"@type":"EntryPoint","urlTemplate":"https:\/\/ironfilms.nl\/?s={search_term_string}"},"query-input":{"@type":"PropertyValueSpecification","valueRequired":true,"valueName":"search_term_string"}}],"inLanguage":"de"},{"@type":"Organization","@id":"https:\/\/ironfilms.nl\/#organization","name":"IRON Films","url":"https:\/\/ironfilms.nl\/","logo":{"@type":"ImageObject","inLanguage":"de","@id":"https:\/\/ironfilms.nl\/#\/schema\/logo\/image\/","url":"https:\/\/ironfilms.nl\/wp-content\/uploads\/2021\/08\/Iron_Films_Logo_150x150.png","contentUrl":"https:\/\/ironfilms.nl\/wp-content\/uploads\/2021\/08\/Iron_Films_Logo_150x150.png","width":150,"height":150,"caption":"IRON Films"},"image":{"@id":"https:\/\/ironfilms.nl\/#\/schema\/logo\/image\/"},"sameAs":["https:\/\/www.facebook.com\/iron.films.nl","https:\/\/www.instagram.com\/iron.films\/","https:\/\/www.linkedin.com\/company\/ironfilms\/"]}]}},"_links":{"self":[{"href":"https:\/\/ironfilms.nl\/de\/wp-json\/wp\/v2\/pages\/10422","targetHints":{"allow":["GET"]}}],"collection":[{"href":"https:\/\/ironfilms.nl\/de\/wp-json\/wp\/v2\/pages"}],"about":[{"href":"https:\/\/ironfilms.nl\/de\/wp-json\/wp\/v2\/types\/page"}],"author":[{"embeddable":true,"href":"https:\/\/ironfilms.nl\/de\/wp-json\/wp\/v2\/users\/2"}],"replies":[{"embeddable":true,"href":"https:\/\/ironfilms.nl\/de\/wp-json\/wp\/v2\/comments?post=10422"}],"version-history":[{"count":3,"href":"https:\/\/ironfilms.nl\/de\/wp-json\/wp\/v2\/pages\/10422\/revisions"}],"predecessor-version":[{"id":10429,"href":"https:\/\/ironfilms.nl\/de\/wp-json\/wp\/v2\/pages\/10422\/revisions\/10429"}],"wp:featuredmedia":[{"embeddable":true,"href":"https:\/\/ironfilms.nl\/de\/wp-json\/wp\/v2\/media\/7566"}],"wp:attachment":[{"href":"https:\/\/ironfilms.nl\/de\/wp-json\/wp\/v2\/media?parent=10422"}],"curies":[{"name":"wp","href":"https:\/\/api.w.org\/{rel}","templated":true}]}}